{"id":3,"date":"2020-11-12T07:15:38","date_gmt":"2020-11-12T07:15:38","guid":{"rendered":"http:\/\/udruga-poduzetni.ebus.hr\/?page_id=3"},"modified":"2020-11-24T20:09:44","modified_gmt":"2020-11-24T20:09:44","slug":"pravila-privatnosti","status":"publish","type":"page","link":"http:\/\/udruga-poduzetni.hr\/en\/pravila-privatnosti\/","title":{"rendered":""},"content":{"rendered":"<p><\/p>\n\n\n\n<h2 class=\"wp-block-heading\">Pravila privatnosti<\/h2>\n\n\n\n<p>Molimo da pa\u017eljivo pro\u010ditate ovu Politiku privatnosti kako biste se informirali o postupcima i pravilima koje primjenjujemo za za\u0161titu osobnih podataka. Kori\u0161tenjem na\u0161e internetske stranice potvr\u0111ujete da ste pro\u010ditali ova Pravila privatnosti te da ih razumijete. Kori\u0161tenjem ove web stranice dajete privolu na ova Pravila privatnosti.<\/p>\n\n\n\n<p>Ovom Politikom privatnosti opisuju se postupci koje Udruga poduzetni poduzima u svrhu za\u0161tite privatnosti. Podatke o Vama \u0107emo upotrebljavati u skladu s primjenjivim zakonskim zahtjevima koji se odnose na za\u0161titu osobnih podataka.<\/p>\n\n\n\n<p>Internetska stranica \u0107e se kontinuirano a\u017eurirati u skladu s relevantnom zakonskom regulativom za\u0161tite podataka i privatnosti.<\/p>\n\n\n\n<p>Udruga poduzetni prikuplja samo ograni\u010dene koli\u010dine informacija o Vama, koje su nu\u017ene kako bismo odgovorili na Va\u0161 zahtjev ili isporu\u010dili narud\u017ebu, u svrhu uspostave uspje\u0161ne poslovne suradnje.<br>Udruga poduzetni&nbsp;primjenjuje sljede\u0107a na\u010dela u svrhu za\u0161tite Va\u0161e privatnosti:<\/p>\n\n\n\n<p>\u2022 prikupljamo samo informacije koje su potrebne,<br>\u2022 Va\u0161i podatci se ne koriste u svrhe koje nisu navedene<br>\u2022 ne \u010duvamo Va\u0161e podatke ako vi\u0161e nije potrebno,<br>\u2022 ne prodajemo, posu\u0111ujemo, distribuiramo niti javno objavljujemo Va\u0161e osobne podatke,<br>\u2022 Va\u0161e podatke ne \u0161aljemo tre\u0107im stranama,<br>\u2022 ne koristimo nikakvu automatiziranu obradu i dono\u0161enje odluka niti profiliranje,<br>\u2022 Va\u0161e osobne podatke ne prenosimo u tre\u0107u zemlju ili me\u0111unarodnu organizaciju,<br>\u2022 provjeravamo da li su Va\u0161i podaci sigurno pohranjeni.<\/p>\n\n\n\n<h3 class=\"wp-block-heading\"><strong>KOJI SE VA\u0160I PODACI PRIKUPLJAJU TE NA KOJI NA\u010cIN?<\/strong><\/h3>\n\n\n\n<p>Ova internetska stranica se mo\u017ee koristiti bez davanja osobnih podataka. Nakon \u0161to nas kontaktirate putem na\u0161eg kontakt obrasca na internetskoj stranici ili izravno putem na\u0161e e-mail adrese,&nbsp;Udruga poduzetni prikuplja informacije o Vama. Informacije koje unosite preko internetske stranice (npr. Va\u0161e ime, adresa e-po\u0161te, organizacija) ili po\u0161aljete izravnom porukom e-po\u0161te biti \u0107e obra\u0111ene i pohranjene kako bismo Vas mogli kontaktirati i odgovoriti na Va\u0161 zahtjev. U slu\u010daju da ste mla\u0111i od 16 godina obavezni ste imati suglasnost roditelja prije davanja osobnih podataka.<\/p>\n\n\n\n<h3 class=\"wp-block-heading\"><strong>TKO VODI OBRADU OSOBNIH PODATAKA?<\/strong><\/h3>\n\n\n\n<p>Obradu ove internetske stranice i Va\u0161ih osobnih podataka vodi:<br><strong>Udruga poduzetni<br>Selska cesta 119,<br>10 000 Zagreb<\/strong><\/p>\n\n\n\n<p><strong>U KOJU SVRHU SE PRIKUPLJAJU OSOBNI PODACI?<\/strong><br>Va\u0161i osobni podaci se obra\u0111uju isklju\u010divo kako bi se uspje\u0161no isporu\u010dila narud\u017eba  ili pru\u017eio odgovor na Va\u0161 zahtjev.<\/p>\n\n\n\n<h3 class=\"wp-block-heading\"><strong>KOLIKO DUGO SE POHRANJUJU OSOBNI PODACI?<\/strong><\/h3>\n\n\n\n<p>Va\u0161i osobni podaci se pohranjuju u periodu kada je otvorena komunikacija sa Vama, sve u svrhu uspostave uspje\u0161ne poslovne suradnje. U slu\u010daju prekida daljnje komunikacije sa Vama,&nbsp;Udruga poduzetni \u0107e nakon 6 mjeseci izbrisati Va\u0161e osobne podatke.<\/p>\n\n\n\n<p>U svakom trenutku imate pravo zatra\u017eiti zaustavljanje daljnje obrade Va\u0161ih osobnih podataka.<\/p>\n\n\n\n<h3 class=\"wp-block-heading\"><strong>NA KOJI NA\u010cIN SE KORISTE OSOBNI PODACI?<\/strong><\/h3>\n\n\n\n<p>Va\u0161e osobne podatke koristimo da bismo Vas kontaktirali i odgovorili na va\u0161 zahtjev, te isporu\u010dili narud\u017ebe, a na Va\u0161 zahtjev, poslati \u0107emo Vam i e-po\u0161tu o ostalim novostima i uslugama za koje mislimo da bi Vam mogli biti od interesa.&nbsp;Udruga poduzetni ne\u0107e dijeliti Va\u0161e osobne podatke s bilo kojom tre\u0107om stranom niti \u0107e im dopustiti pristup.<\/p>\n\n\n\n<h3 class=\"wp-block-heading\"><strong>INFORMACIJSKA SIGURNOST OSOBNIH PODATAKA<\/strong><\/h3>\n\n\n\n<p>Udruga poduzetni&nbsp;u slu\u010daju prikupljanja podataka o Vama, kroz primijenjene sigurnosne, fizi\u010dke, elektroni\u010dke, tehnolo\u0161ke, proceduralne i organizacijske mjere, osigurava da su Va\u0161i osobni podaci za\u0161ti\u0107eni od slu\u010dajnog ili nezakonitog uni\u0161tenja, gubitka, izmjene, neovla\u0161tenog otkrivanja ili pristupa osobnim podacima koji se prenose, pohranjuju ili se na drugi na\u010din obra\u0111uju.<br>Ako odlu\u010dite kontaktirati nas putem obrasca za kontakt na na\u0161oj internetskoj stranici ili izravno putem e-po\u0161te, nijedan od podataka koje otkrivate ne\u0107e biti pohranjen na ovoj internetskoj stranici niti \u0107e biti prenesen ili obra\u0111en na bilo kojoj tre\u0107oj strani.<\/p>\n\n\n\n<h3 class=\"wp-block-heading\"><strong>VA\u0160A PRAVA<\/strong><br>Ako \u017eelite znati posjedujemo li i obra\u0111ujemo Va\u0161e osobne podatke, ili ako \u017eelite pristupiti osobnim podacima koje imamo o Vama, a u svrhu:<\/h3>\n\n\n\n<p>\u2022 pristupa svim osobnim podacima koje smo prikupili o Vama,<br>\u2022 ispravljanja osobnih podataka koje imamo o Vama,<br>\u2022 brisanja svih osobnih podataka koje smo prikupili o Vama,<br>\u2022 ograni\u010davanja obrade Va\u0161ih osobnih podataka od strane Udruge poduzetni<br>\u2022 prigovora na obradu va\u0161ih osobnih podataka od strane&nbsp;Udruge poduzetni<br>\u2022 zahtjeva za Va\u0161im osobnim podacima koje ima&nbsp;Udruga poduzetni, u svrhu prijenosa tre\u0107oj strani,<\/p>\n\n\n\n<p>molimo Vas da nas kontaktirate na upisati mail. ili po\u0161aljete svoj zahtjev na:<br><strong>Udruga poduzetni<br><strong>Selska cesta 119,<br>10 000 Zagreb<\/strong><\/strong><\/p>\n\n\n\n<p>Na Va\u0161 zahtjev odgovoriti \u0107emo besplatno.<\/p>\n\n\n\n<h3 class=\"wp-block-heading\"><strong>PRAVO NA PRITU\u017dBU NADLE\u017dNOM TIJELU<\/strong><\/h3>\n\n\n\n<p>U svakom trenutku mo\u017eete ulo\u017eiti prigovor izravno nadle\u017enom nadzornom tijelu, posebice u zemlji EU-a u kojoj imate uobi\u010dajeno boravi\u0161te, mjesto rada ili mjesto navodnog kr\u0161enja, ako smatrate da na\u0161a obrada va\u0161ih osobnih podataka nije zakonita, putem kontakata:<\/p>\n\n\n\n<p>AGENCIJA ZA ZA\u0160TITU OSOBNIH PODATAKA (AZOP)<br>Marti\u0107eva 14<br>HR \u2013 10 000 Zagreb<br>Telefon: +385 1 4609 000<br>Fax: +385 1 4609 099<br>e-mail: azop@azop.hr<br>Web: http:\/\/www.azop.hr<\/p>\n\n\n\n<h3 class=\"wp-block-heading\"><strong>KOLA\u010cI\u0106I<\/strong><\/h3>\n\n\n\n<p>Web stranica www.udruga-poduzetni.hr koristi tzv. kola\u010di\u0107e (eng. cookies) kako bi se korisniku besplatno pru\u017eila usluga s potpunim funkcionalnostima i \u0161to kvalitetnijim sadr\u017eajem. Kola\u010di\u0107i predstavljaju skup podataka koje generira poslu\u017eitelj web stranica i koje web preglednik sprema na disk korisnika u obliku male tekstualne datoteke s odre\u0111enim podacima Korisnika (npr. IP adresa s koje se pristupa internetskoj stranici, vrijeme spajanja itd.).<\/p>\n\n\n\n<h3 class=\"wp-block-heading\"><strong>VRSTE KOLA\u010cI\u0106A<\/strong><\/h3>\n\n\n\n<p>Web stranica www.udruga-poduzetni.hr koristi sljede\u0107e kola\u010di\u0107e:<\/p>\n\n\n\n<p>Privremeni kola\u010di\u0107i (Session cookies) \u2013 postavljaju se na ra\u010dunalo korisnika web stranica www.udruga-poduzetni.hr samo za vrijeme trajanja njegovog posjeta ovim web stranicama te se korisniku na taj na\u010din omogu\u0107uje da se u\u010dinkovitije slu\u017ei web stranicama www.udruga-poduzetni.hr i automatski se bri\u0161u kada se zatvori preglednik.<br>Stalni kola\u010di\u0107i (Persistent cookies) \u2013 rije\u010d je o kola\u010di\u0107ima koji \u0107e ostati \u201dzabilje\u017eeni\u201d u va\u0161em internetskom pregledniku dok ne isteknu ili ih sami ru\u010dno ne izbri\u0161ete. Prikupljene informacije su anonimne, a ne uklju\u010duju va\u0161e osobne podatke.<\/p>\n\n\n\n<h3 class=\"wp-block-heading\"><br><strong>ZA\u0160TO BIH DOZVOLIO KORI\u0160TENJE KOLA\u010cI\u0106A?<\/strong><\/h3>\n\n\n\n<p style=\"font-size:18px\"><strong>Udruga Poduzetni koristi kola\u010di\u0107e:<\/strong><\/p>\n\n\n\n<p>&#8211; radi pru\u017eanja boljeg korisni\u010dkog iskustva;<br>&#8211; za pra\u0107enje i analizu kori\u0161tenja i posje\u0107enosti na\u0161ih web-mjesta;<br>&#8211; za ispravan rad stranica (u slu\u010dajevima kada je to neophodno).<br>Detaljne informacije o kola\u010di\u0107ima koje upotrebljava pojedina internetska stranica Korisnik dobiva odmah pri prvom posjetu internetskoj stranici. Na temelju tih informacija Korisnik pri posjetu internetskoj stranici daje ili uskra\u0107uje svoju privolu za upotrebu kola\u010di\u0107a. Korisnik web stranica www.udruga-poduzetni.hr uvijek mo\u017ee samostalno regulirati primanje kola\u010di\u0107a putem postavki svojeg web-preglednika. Udruga Poduzetni isklju\u010duje svaku odgovornost za bilo kakav gubitak funkcionalnosti i\/ili kvalitete sadr\u017eaja web stranica www.udruga-poduzetni.hr u svim slu\u010dajevima odabira regulacije primanja kola\u010di\u0107a od strane korisnika.<\/p>\n\n\n\n<p>Udruga Poduzetni nije odgovorna za kola\u010di\u0107e drugih internetskih stranica koje nisu u vlasni\u0161tvu stranice Udruga Poduzetni. Informacije o Korisniku dobivene kola\u010di\u0107ima povezivat \u0107emo s drugim podatcima o Korisniku radi boljeg upoznavanja Korisnika i pru\u017eanja boljeg Korisni\u010dkog iskustva, samo na temelju privole.<\/p>\n\n\n\n<h3 class=\"wp-block-heading\"><strong>\u0160TO AKO NE PRIHVATIM KOLA\u010cI\u0106E?<\/strong><\/h3>\n\n\n\n<p>Ako odlu\u010dite ne prihvatiti kola\u010di\u0107e, mogu\u0107e je da se odre\u0111ene zna\u010dajke ove internetske stranice ne\u0107e prikazivati ili ispravno raditi. To \u0107e ograni\u010diti mogu\u0107nosti koje vam pru\u017ea na\u0161a stranica te bi moglo utjecati na dizajn i korisni\u010dko iskustvo.<\/p>\n\n\n\n<h3 class=\"wp-block-heading\"><strong>STATISTIKA INTERNETSKE STRANICE<\/strong><\/h3>\n\n\n\n<p>Web stranice www.udruga-poduzetni.hr prate statisti\u010dku posje\u0107enost isklju\u010divo radi dobivanja nu\u017ene informacije o privla\u010dnosti i uspje\u0161nosti svojih stranica na tr\u017ei\u0161tu i pritom se koristi usluga tre\u0107e strane pod nazivom Google Analytics. Detaljne informacije tre\u0107e strane o ovoj usluzi, kao i o mogu\u0107nostima korisnika web stranica www.udruga-poduzetni.hr u vezi s regulacijom kola\u010di\u0107a koji su za isto nu\u017eni, dostupne su na: http:\/\/www.google.com\/intl\/en\/analytics\/privacyoverview.html.<\/p>\n\n\n\n<h3 class=\"wp-block-heading\"><strong>OSTALO<\/strong><\/h3>\n\n\n\n<p>Kori\u0161tenjem web stranica www.udruga-poduzetni.hr smatra se da su korisnici u svakom trenutku upoznati s ovim uvjetima kori\u0161tenja, uklju\u010duju\u0107i s odredbama o obradi podataka i mogu\u0107nostima u vezi s kola\u010di\u0107ima.<\/p>\n\n\n\n<p>Udruga Poduzetni zadr\u017eava pravo izmjene sadr\u017eaja ovih web stranica te ne\u0107e biti odgovoran ni za kakve mogu\u0107e posljedice proiza\u0161le iz takvih promjena.<\/p>","protected":false},"excerpt":{"rendered":"<p>Pravila privatnosti Molimo da pa\u017eljivo pro\u010ditate ovu Politiku privatnosti kako biste se informirali o postupcima i pravilima koje primjenjujemo za za\u0161titu osobnih podataka. Kori\u0161tenjem na\u0161e internetske stranice potvr\u0111ujete da ste pro\u010ditali ova Pravila privatnosti te da ih razumijete. Kori\u0161tenjem ove web stranice dajete privolu na ova Pravila privatnosti. Ovom Politikom privatnosti opisuju se postupci koje [&hellip;]<\/p>","protected":false},"author":5,"featured_media":0,"parent":0,"menu_order":0,"comment_status":"closed","ping_status":"open","template":"elementor_header_footer","meta":{"site-sidebar-layout":"no-sidebar","site-content-layout":"default","ast-site-content-layout":"default","site-content-style":"default","site-sidebar-style":"default","ast-global-header-display":"","ast-banner-title-visibility":"","ast-main-header-display":"","ast-hfb-above-header-display":"","ast-hfb-below-header-display":"","ast-hfb-mobile-header-display":"","site-post-title":"","ast-breadcrumbs-content":"disabled","ast-featured-img":"","footer-sml-layout":"","theme-transparent-header-meta":"default","adv-header-id-meta":"","stick-header-meta":"","header-above-stick-meta":"","header-main-stick-meta":"","header-below-stick-meta":"","astra-migrate-meta-layouts":"default","ast-page-background-enabled":"default","ast-page-background-meta":{"desktop":{"background-color":"","background-image":"","background-repeat":"repeat","background-position":"center center","background-size":"auto","background-attachment":"scroll","background-type":"","background-media":"","overlay-type":"","overlay-color":"","overlay-opacity":"","overlay-gradient":""},"tablet":{"background-color":"","background-image":"","background-repeat":"repeat","background-position":"center center","background-size":"auto","background-attachment":"scroll","background-type":"","background-media":"","overlay-type":"","overlay-color":"","overlay-opacity":"","overlay-gradient":""},"mobile":{"background-color":"","background-image":"","background-repeat":"repeat","background-position":"center center","background-size":"auto","background-attachment":"scroll","background-type":"","background-media":"","overlay-type":"","overlay-color":"","overlay-opacity":"","overlay-gradient":""}},"ast-content-background-meta":{"desktop":{"background-color":"var(--ast-global-color-5)","background-image":"","background-repeat":"repeat","background-position":"center center","background-size":"auto","background-attachment":"scroll","background-type":"","background-media":"","overlay-type":"","overlay-color":"","overlay-opacity":"","overlay-gradient":""},"tablet":{"background-color":"var(--ast-global-color-5)","background-image":"","background-repeat":"repeat","background-position":"center center","background-size":"auto","background-attachment":"scroll","background-type":"","background-media":"","overlay-type":"","overlay-color":"","overlay-opacity":"","overlay-gradient":""},"mobile":{"background-color":"var(--ast-global-color-5)","background-image":"","background-repeat":"repeat","background-position":"center center","background-size":"auto","background-attachment":"scroll","background-type":"","background-media":"","overlay-type":"","overlay-color":"","overlay-opacity":"","overlay-gradient":""}},"footnotes":""},"class_list":["post-3","page","type-page","status-publish","hentry"],"_links":{"self":[{"href":"http:\/\/udruga-poduzetni.hr\/en\/wp-json\/wp\/v2\/pages\/3","targetHints":{"allow":["GET"]}}],"collection":[{"href":"http:\/\/udruga-poduzetni.hr\/en\/wp-json\/wp\/v2\/pages"}],"about":[{"href":"http:\/\/udruga-poduzetni.hr\/en\/wp-json\/wp\/v2\/types\/page"}],"author":[{"embeddable":true,"href":"http:\/\/udruga-poduzetni.hr\/en\/wp-json\/wp\/v2\/users\/5"}],"replies":[{"embeddable":true,"href":"http:\/\/udruga-poduzetni.hr\/en\/wp-json\/wp\/v2\/comments?post=3"}],"version-history":[{"count":0,"href":"http:\/\/udruga-poduzetni.hr\/en\/wp-json\/wp\/v2\/pages\/3\/revisions"}],"wp:attachment":[{"href":"http:\/\/udruga-poduzetni.hr\/en\/wp-json\/wp\/v2\/media?parent=3"}],"curies":[{"name":"wp","href":"https:\/\/api.w.org\/{rel}","templated":true}]}}