{"id":130,"date":"2020-11-19T18:52:20","date_gmt":"2020-11-19T18:52:20","guid":{"rendered":"http:\/\/udruga-poduzetni.ebus.hr\/?page_id=130"},"modified":"2023-12-12T21:26:13","modified_gmt":"2023-12-12T21:26:13","slug":"strucni-suradnici","status":"publish","type":"page","link":"http:\/\/udruga-poduzetni.hr\/en\/strucni-suradnici\/","title":{"rendered":"Professional associates"},"content":{"rendered":"<div data-elementor-type=\"wp-page\" data-elementor-id=\"130\" class=\"elementor elementor-130\" data-elementor-post-type=\"page\">\n\t\t\t\t\t\t<section class=\"elementor-section elementor-top-section elementor-element elementor-element-5cc71c0a elementor-section-stretched elementor-section-boxed elementor-section-height-default elementor-section-height-default\" data-id=\"5cc71c0a\" data-element_type=\"section\" data-e-type=\"section\" id=\"team-of-creatives\" data-settings=\"{&quot;stretch_section&quot;:&quot;section-stretched&quot;,&quot;background_background&quot;:&quot;classic&quot;}\">\n\t\t\t\t\t\t<div class=\"elementor-container elementor-column-gap-default\">\n\t\t\t\t\t<div class=\"elementor-column elementor-col-100 elementor-top-column elementor-element elementor-element-65f2500d\" data-id=\"65f2500d\" data-element_type=\"column\" data-e-type=\"column\">\n\t\t\t<div class=\"elementor-widget-wrap elementor-element-populated\">\n\t\t\t\t\t\t<div class=\"elementor-element elementor-element-533b7d55 elementor-widget elementor-widget-heading\" data-id=\"533b7d55\" data-element_type=\"widget\" data-e-type=\"widget\" data-widget_type=\"heading.default\">\n\t\t\t\t<div class=\"elementor-widget-container\">\n\t\t\t\t\t<h3 class=\"elementor-heading-title elementor-size-default\">STRU\u010cNI SURADNICI<\/h3>\t\t\t\t<\/div>\n\t\t\t\t<\/div>\n\t\t\t\t<div class=\"elementor-element elementor-element-36d14734 premium-header-inline premium-lq__none premium-box-lq__none elementor-widget elementor-widget-premium-addon-dual-header\" data-id=\"36d14734\" data-element_type=\"widget\" data-e-type=\"widget\" data-settings=\"{&quot;_animation_tablet&quot;:&quot;none&quot;,&quot;_animation_mobile&quot;:&quot;none&quot;}\" data-widget_type=\"premium-addon-dual-header.default\">\n\t\t\t\t\t\n\t\t<div class=\"elementor-widget-container\">\n\t\t\t\t\t<h2 class=\"premium-dual-header-first-header\"><span class=\"premium-dual-header-first-span\">Udruge Poduzetni <\/span><\/h2> \t\t\t\t<\/div>\n\n\t\t\t\t\t\t<\/div>\n\t\t\t\t<div class=\"elementor-element elementor-element-c15e101 elementor-widget elementor-widget-text-editor\" data-id=\"c15e101\" data-element_type=\"widget\" data-e-type=\"widget\" data-widget_type=\"text-editor.default\">\n\t\t\t\t<div class=\"elementor-widget-container\">\n\t\t\t\t\t\t\t\t\t<p>Upoznajte na\u0161 tim!<\/p>\t\t\t\t\t\t\t\t<\/div>\n\t\t\t\t<\/div>\n\t\t\t\t<div class=\"elementor-element elementor-element-4eaa83ae premium-person-defaults-yes elementor-widget elementor-widget-premium-addon-person\" data-id=\"4eaa83ae\" data-element_type=\"widget\" data-e-type=\"widget\" data-settings=\"{&quot;persons_per_row&quot;:&quot;25%&quot;,&quot;persons_per_row_tablet&quot;:&quot;100%&quot;,&quot;persons_per_row_mobile&quot;:&quot;100%&quot;}\" data-widget_type=\"premium-addon-person.default\">\n\t\t\t\t<div class=\"elementor-widget-container\">\n\t\t\t\t\t\t\t<div class=\"premium-persons-container premium-person-style2 multiple-persons\" data-persons-equal=\"\">\r\n\t\t\t\t\t\t\t\t<div class=\"premium-person-container premium-person-zoomin-effect\">\r\n\t\t\t\t\t\t<div class=\"premium-person-image-container\">\r\n\t\t\t\t\t\t<img fetchpriority=\"high\" decoding=\"async\" width=\"580\" height=\"626\" src=\"http:\/\/udruga-poduzetni.hr\/wp-content\/uploads\/2023\/12\/Doris-Jukic.jpeg\" class=\"attachment-large size-large wp-image-3479\" alt=\"\" srcset=\"http:\/\/udruga-poduzetni.hr\/wp-content\/uploads\/2023\/12\/Doris-Jukic.jpeg 580w, http:\/\/udruga-poduzetni.hr\/wp-content\/uploads\/2023\/12\/Doris-Jukic-278x300.jpeg 278w, http:\/\/udruga-poduzetni.hr\/wp-content\/uploads\/2023\/12\/Doris-Jukic-11x12.jpeg 11w\" sizes=\"(max-width: 580px) 100vw, 580px\" \/>\t\t\t\t\t\t\t\t\t\t\t\t\t\t\t<div class=\"premium-person-social\">\r\n\t\t\t\t\t\t\t\t\t<ul class=\"premium-person-social-list\">\t\t\t\t<li class=\"elementor-icon premium-person-list-item premium-person-linkedin\">\r\n\t\t\t\t\t<a href=\"#\" target=\"_blank\">\r\n\t\t\t\t\t\t<i class=\"fab fa-linkedin\" aria-hidden=\"true\"><\/i>\r\n\t\t\t\t\t<\/a>\r\n\t\t\t\t<\/li>\r\n\t\t\t\t\t\t\t\t<li class=\"elementor-icon premium-person-list-item premium-person-mail\">\r\n\t\t\t\t\t<a href=\"#\" target=\"_blank\">\r\n\t\t\t\t\t\t<i class=\"fa fa-envelope\" aria-hidden=\"true\"><\/i>\r\n\t\t\t\t\t<\/a>\r\n\t\t\t\t<\/li>\r\n\t\t\t\t<\/ul>\t\t\t\t\t\t\t\t<\/div>\r\n\t\t\t\t\t\t\t\t\t\t\t\t\t<\/div>\r\n\t\t\t\t\t\t<div class=\"premium-person-info\">\r\n\t\t\t\t\t\t\t\t\t\t<div class=\"premium-person-info-container\">\r\n\t\t\t\t\t\t\t\t\t<h3 class=\"premium-person-name\">Doris Juki\u0107<\/h3>\r\n\t\t\t\t\t\t\t\t\t\t\t<h4 class=\"premium-person-title\">\r\n\t\t\t\t\t\t\t<span>Predsjednica udruge<\/span>\r\n\t\t\t\t\t\t<\/h4>\r\n\t\t\t\t\t\t\t\t\t\t\t<div class=\"premium-person-content\">\r\n\t\t\t\t\t\t\t<p>Voditeljica projekata,\u00a0<\/p>\t\t\t\t\t\t<\/div>\r\n\t\t\t\t\t\t\t\t<\/div>\r\n\t\t\t\t\t\t\t\t\t<\/div>\r\n\t\t\t\t\t<\/div>\r\n\t\t\t\t\t\t\t\t\t\t<div class=\"premium-person-container premium-person-zoomin-effect\">\r\n\t\t\t\t\t\t<div class=\"premium-person-image-container\">\r\n\t\t\t\t\t\t<img decoding=\"async\" width=\"694\" height=\"683\" src=\"http:\/\/udruga-poduzetni.hr\/wp-content\/uploads\/2023\/12\/WhatsApp_Image_2023-05-10_at_183828_2.jpeg\" class=\"attachment-large size-large wp-image-3482\" alt=\"\" srcset=\"http:\/\/udruga-poduzetni.hr\/wp-content\/uploads\/2023\/12\/WhatsApp_Image_2023-05-10_at_183828_2.jpeg 694w, http:\/\/udruga-poduzetni.hr\/wp-content\/uploads\/2023\/12\/WhatsApp_Image_2023-05-10_at_183828_2-300x295.jpeg 300w, http:\/\/udruga-poduzetni.hr\/wp-content\/uploads\/2023\/12\/WhatsApp_Image_2023-05-10_at_183828_2-12x12.jpeg 12w, http:\/\/udruga-poduzetni.hr\/wp-content\/uploads\/2023\/12\/WhatsApp_Image_2023-05-10_at_183828_2-600x590.jpeg 600w\" sizes=\"(max-width: 694px) 100vw, 694px\" \/>\t\t\t\t\t\t\t\t\t\t\t\t\t\t\t<div class=\"premium-person-social\">\r\n\t\t\t\t\t\t\t\t\t<ul class=\"premium-person-social-list\">\t\t\t\t<li class=\"elementor-icon premium-person-list-item premium-person-facebook\">\r\n\t\t\t\t\t<a href=\"#\" target=\"_blank\">\r\n\t\t\t\t\t\t<i class=\"fab fa-facebook-f\" aria-hidden=\"true\"><\/i>\r\n\t\t\t\t\t<\/a>\r\n\t\t\t\t<\/li>\r\n\t\t\t\t\t\t\t\t<li class=\"elementor-icon premium-person-list-item premium-person-linkedin\">\r\n\t\t\t\t\t<a href=\"#\" target=\"_blank\">\r\n\t\t\t\t\t\t<i class=\"fab fa-linkedin\" aria-hidden=\"true\"><\/i>\r\n\t\t\t\t\t<\/a>\r\n\t\t\t\t<\/li>\r\n\t\t\t\t\t\t\t\t<li class=\"elementor-icon premium-person-list-item premium-person-instagram\">\r\n\t\t\t\t\t<a href=\"#\" target=\"_blank\">\r\n\t\t\t\t\t\t<i class=\"fab fa-instagram\" aria-hidden=\"true\"><\/i>\r\n\t\t\t\t\t<\/a>\r\n\t\t\t\t<\/li>\r\n\t\t\t\t\t\t\t\t<li class=\"elementor-icon premium-person-list-item premium-person-dribbble\">\r\n\t\t\t\t\t<a href=\"#\" target=\"_blank\">\r\n\t\t\t\t\t\t<i class=\"fab fa-dribbble\" aria-hidden=\"true\"><\/i>\r\n\t\t\t\t\t<\/a>\r\n\t\t\t\t<\/li>\r\n\t\t\t\t<\/ul>\t\t\t\t\t\t\t\t<\/div>\r\n\t\t\t\t\t\t\t\t\t\t\t\t\t<\/div>\r\n\t\t\t\t\t\t<div class=\"premium-person-info\">\r\n\t\t\t\t\t\t\t\t\t\t<div class=\"premium-person-info-container\">\r\n\t\t\t\t\t\t\t\t\t<h3 class=\"premium-person-name\">Vitomir Tafra<\/h3>\r\n\t\t\t\t\t\t\t\t\t\t\t<h4 class=\"premium-person-title\">\r\n\t\t\t\t\t\t\t<span>Znanstveni savjetnik<\/span>\r\n\t\t\t\t\t\t<\/h4>\r\n\t\t\t\t\t\t\t\t\t\t\t<div class=\"premium-person-content\">\r\n\t\t\t\t\t\t\t<p>Tajnik, znanstveni savjetnik za cjelo\u017eivotno obrazovanje<\/p>\t\t\t\t\t\t<\/div>\r\n\t\t\t\t\t\t\t\t<\/div>\r\n\t\t\t\t\t\t\t\t\t<\/div>\r\n\t\t\t\t\t<\/div>\r\n\t\t\t\t\t\t\t\t\t\t<div class=\"premium-person-container premium-person-zoomin-effect\">\r\n\t\t\t\t\t\t<div class=\"premium-person-image-container\">\r\n\t\t\t\t\t\t<img decoding=\"async\" width=\"836\" height=\"1024\" src=\"http:\/\/udruga-poduzetni.hr\/wp-content\/uploads\/2023\/12\/Kristijan-Marenscak-2023-836x1024.jpg\" class=\"attachment-large size-large wp-image-3480\" alt=\"\" srcset=\"http:\/\/udruga-poduzetni.hr\/wp-content\/uploads\/2023\/12\/Kristijan-Marenscak-2023-836x1024.jpg 836w, http:\/\/udruga-poduzetni.hr\/wp-content\/uploads\/2023\/12\/Kristijan-Marenscak-2023-245x300.jpg 245w, http:\/\/udruga-poduzetni.hr\/wp-content\/uploads\/2023\/12\/Kristijan-Marenscak-2023-768x941.jpg 768w, http:\/\/udruga-poduzetni.hr\/wp-content\/uploads\/2023\/12\/Kristijan-Marenscak-2023-10x12.jpg 10w, http:\/\/udruga-poduzetni.hr\/wp-content\/uploads\/2023\/12\/Kristijan-Marenscak-2023-600x735.jpg 600w, http:\/\/udruga-poduzetni.hr\/wp-content\/uploads\/2023\/12\/Kristijan-Marenscak-2023.jpg 957w\" sizes=\"(max-width: 836px) 100vw, 836px\" \/>\t\t\t\t\t\t\t\t\t\t\t\t\t\t\t<div class=\"premium-person-social\">\r\n\t\t\t\t\t\t\t\t\t<ul class=\"premium-person-social-list\">\t\t\t\t<li class=\"elementor-icon premium-person-list-item premium-person-facebook\">\r\n\t\t\t\t\t<a href=\"#\" target=\"_blank\">\r\n\t\t\t\t\t\t<i class=\"fab fa-facebook-f\" aria-hidden=\"true\"><\/i>\r\n\t\t\t\t\t<\/a>\r\n\t\t\t\t<\/li>\r\n\t\t\t\t\t\t\t\t<li class=\"elementor-icon premium-person-list-item premium-person-pinterest\">\r\n\t\t\t\t\t<a href=\"#\" target=\"_blank\">\r\n\t\t\t\t\t\t<i class=\"fab fa-pinterest\" aria-hidden=\"true\"><\/i>\r\n\t\t\t\t\t<\/a>\r\n\t\t\t\t<\/li>\r\n\t\t\t\t\t\t\t\t<li class=\"elementor-icon premium-person-list-item premium-person-dribbble\">\r\n\t\t\t\t\t<a href=\"#\" target=\"_blank\">\r\n\t\t\t\t\t\t<i class=\"fab fa-dribbble\" aria-hidden=\"true\"><\/i>\r\n\t\t\t\t\t<\/a>\r\n\t\t\t\t<\/li>\r\n\t\t\t\t\t\t\t\t<li class=\"elementor-icon premium-person-list-item premium-person-behance\">\r\n\t\t\t\t\t<a href=\"#\" target=\"_blank\">\r\n\t\t\t\t\t\t<i class=\"fab fa-behance\" aria-hidden=\"true\"><\/i>\r\n\t\t\t\t\t<\/a>\r\n\t\t\t\t<\/li>\r\n\t\t\t\t<\/ul>\t\t\t\t\t\t\t\t<\/div>\r\n\t\t\t\t\t\t\t\t\t\t\t\t\t<\/div>\r\n\t\t\t\t\t\t<div class=\"premium-person-info\">\r\n\t\t\t\t\t\t\t\t\t\t<div class=\"premium-person-info-container\">\r\n\t\t\t\t\t\t\t\t\t<h3 class=\"premium-person-name\">Kristijan Maren\u0161\u010dak<\/h3>\r\n\t\t\t\t\t\t\t\t\t\t\t<h4 class=\"premium-person-title\">\r\n\t\t\t\t\t\t\t<span>Stru\u010dni suradnik<\/span>\r\n\t\t\t\t\t\t<\/h4>\r\n\t\t\t\t\t\t\t\t\t\t\t<div class=\"premium-person-content\">\r\n\t\t\t\t\t\t\t<p>Voditelj dr\u017eavnog natjecanja iz poduzetni\u0161tva &#8220;POSLOVNI IZAZOV&#8221;<\/p>\t\t\t\t\t\t<\/div>\r\n\t\t\t\t\t\t\t\t<\/div>\r\n\t\t\t\t\t\t\t\t\t<\/div>\r\n\t\t\t\t\t<\/div>\r\n\t\t\t\t\t\t\t\t\t\t<div class=\"premium-person-container premium-person-zoomin-effect\">\r\n\t\t\t\t\t\t<div class=\"premium-person-image-container\">\r\n\t\t\t\t\t\t<img loading=\"lazy\" decoding=\"async\" width=\"683\" height=\"1024\" src=\"http:\/\/udruga-poduzetni.hr\/wp-content\/uploads\/2023\/12\/Mladen-Nikolasevic-683x1024.jpeg\" class=\"attachment-large size-large wp-image-3481\" alt=\"\" srcset=\"http:\/\/udruga-poduzetni.hr\/wp-content\/uploads\/2023\/12\/Mladen-Nikolasevic-683x1024.jpeg 683w, http:\/\/udruga-poduzetni.hr\/wp-content\/uploads\/2023\/12\/Mladen-Nikolasevic-200x300.jpeg 200w, http:\/\/udruga-poduzetni.hr\/wp-content\/uploads\/2023\/12\/Mladen-Nikolasevic-768x1151.jpeg 768w, http:\/\/udruga-poduzetni.hr\/wp-content\/uploads\/2023\/12\/Mladen-Nikolasevic-1025x1536.jpeg 1025w, http:\/\/udruga-poduzetni.hr\/wp-content\/uploads\/2023\/12\/Mladen-Nikolasevic-8x12.jpeg 8w, http:\/\/udruga-poduzetni.hr\/wp-content\/uploads\/2023\/12\/Mladen-Nikolasevic-600x900.jpeg 600w, http:\/\/udruga-poduzetni.hr\/wp-content\/uploads\/2023\/12\/Mladen-Nikolasevic.jpeg 1366w\" sizes=\"(max-width: 683px) 100vw, 683px\" \/>\t\t\t\t\t\t\t\t\t\t\t\t\t\t\t<div class=\"premium-person-social\">\r\n\t\t\t\t\t\t\t\t\t<ul class=\"premium-person-social-list\">\t\t\t\t<li class=\"elementor-icon premium-person-list-item premium-person-facebook\">\r\n\t\t\t\t\t<a href=\"#\" target=\"_blank\">\r\n\t\t\t\t\t\t<i class=\"fab fa-facebook-f\" aria-hidden=\"true\"><\/i>\r\n\t\t\t\t\t<\/a>\r\n\t\t\t\t<\/li>\r\n\t\t\t\t\t\t\t\t<li class=\"elementor-icon premium-person-list-item premium-person-instagram\">\r\n\t\t\t\t\t<a href=\"#\" target=\"_blank\">\r\n\t\t\t\t\t\t<i class=\"fab fa-instagram\" aria-hidden=\"true\"><\/i>\r\n\t\t\t\t\t<\/a>\r\n\t\t\t\t<\/li>\r\n\t\t\t\t\t\t\t\t<li class=\"elementor-icon premium-person-list-item premium-person-dribbble\">\r\n\t\t\t\t\t<a href=\"#\" target=\"_blank\">\r\n\t\t\t\t\t\t<i class=\"fab fa-dribbble\" aria-hidden=\"true\"><\/i>\r\n\t\t\t\t\t<\/a>\r\n\t\t\t\t<\/li>\r\n\t\t\t\t\t\t\t\t<li class=\"elementor-icon premium-person-list-item premium-person-behance\">\r\n\t\t\t\t\t<a href=\"#\" target=\"_blank\">\r\n\t\t\t\t\t\t<i class=\"fab fa-behance\" aria-hidden=\"true\"><\/i>\r\n\t\t\t\t\t<\/a>\r\n\t\t\t\t<\/li>\r\n\t\t\t\t<\/ul>\t\t\t\t\t\t\t\t<\/div>\r\n\t\t\t\t\t\t\t\t\t\t\t\t\t<\/div>\r\n\t\t\t\t\t\t<div class=\"premium-person-info\">\r\n\t\t\t\t\t\t\t\t\t\t<div class=\"premium-person-info-container\">\r\n\t\t\t\t\t\t\t\t\t<h3 class=\"premium-person-name\">Mladen Nikola\u0161evi\u0107<\/h3>\r\n\t\t\t\t\t\t\t\t\t\t\t<h4 class=\"premium-person-title\">\r\n\t\t\t\t\t\t\t<span>Stru\u010dni suradnik<\/span>\r\n\t\t\t\t\t\t<\/h4>\r\n\t\t\t\t\t\t\t\t<\/div>\r\n\t\t\t\t\t\t\t\t\t<\/div>\r\n\t\t\t\t\t<\/div>\r\n\t\t\t\t\t\t\t<\/div>\r\n\t\t\t\t\t\t<\/div>\n\t\t\t\t<\/div>\n\t\t\t\t<div class=\"elementor-element elementor-element-be7428f premium-person-defaults-yes elementor-widget elementor-widget-premium-addon-person\" data-id=\"be7428f\" data-element_type=\"widget\" data-e-type=\"widget\" data-settings=\"{&quot;persons_per_row&quot;:&quot;25%&quot;,&quot;persons_per_row_tablet&quot;:&quot;100%&quot;,&quot;persons_per_row_mobile&quot;:&quot;100%&quot;}\" data-widget_type=\"premium-addon-person.default\">\n\t\t\t\t<div class=\"elementor-widget-container\">\n\t\t\t\t\t\t\t<div class=\"premium-persons-container premium-person-style2 multiple-persons\" data-persons-equal=\"\">\r\n\t\t\t\t\t\t\t\t<div class=\"premium-person-container premium-person-zoomin-effect\">\r\n\t\t\t\t\t\t<div class=\"premium-person-image-container\">\r\n\t\t\t\t\t\t<img loading=\"lazy\" decoding=\"async\" width=\"683\" height=\"1024\" src=\"http:\/\/udruga-poduzetni.hr\/wp-content\/uploads\/2023\/12\/Ana-Satovic-683x1024.jpeg\" class=\"attachment-large size-large wp-image-3478\" alt=\"\" srcset=\"http:\/\/udruga-poduzetni.hr\/wp-content\/uploads\/2023\/12\/Ana-Satovic-683x1024.jpeg 683w, http:\/\/udruga-poduzetni.hr\/wp-content\/uploads\/2023\/12\/Ana-Satovic-200x300.jpeg 200w, http:\/\/udruga-poduzetni.hr\/wp-content\/uploads\/2023\/12\/Ana-Satovic-768x1151.jpeg 768w, http:\/\/udruga-poduzetni.hr\/wp-content\/uploads\/2023\/12\/Ana-Satovic-1025x1536.jpeg 1025w, http:\/\/udruga-poduzetni.hr\/wp-content\/uploads\/2023\/12\/Ana-Satovic-8x12.jpeg 8w, http:\/\/udruga-poduzetni.hr\/wp-content\/uploads\/2023\/12\/Ana-Satovic-600x900.jpeg 600w, http:\/\/udruga-poduzetni.hr\/wp-content\/uploads\/2023\/12\/Ana-Satovic.jpeg 1366w\" sizes=\"(max-width: 683px) 100vw, 683px\" \/>\t\t\t\t\t\t\t\t\t\t\t\t\t\t\t<div class=\"premium-person-social\">\r\n\t\t\t\t\t\t\t\t\t<ul class=\"premium-person-social-list\">\t\t\t\t<li class=\"elementor-icon premium-person-list-item premium-person-linkedin\">\r\n\t\t\t\t\t<a href=\"#\" target=\"_blank\">\r\n\t\t\t\t\t\t<i class=\"fab fa-linkedin\" aria-hidden=\"true\"><\/i>\r\n\t\t\t\t\t<\/a>\r\n\t\t\t\t<\/li>\r\n\t\t\t\t\t\t\t\t<li class=\"elementor-icon premium-person-list-item premium-person-mail\">\r\n\t\t\t\t\t<a href=\"#\" target=\"_blank\">\r\n\t\t\t\t\t\t<i class=\"fa fa-envelope\" aria-hidden=\"true\"><\/i>\r\n\t\t\t\t\t<\/a>\r\n\t\t\t\t<\/li>\r\n\t\t\t\t<\/ul>\t\t\t\t\t\t\t\t<\/div>\r\n\t\t\t\t\t\t\t\t\t\t\t\t\t<\/div>\r\n\t\t\t\t\t\t<div class=\"premium-person-info\">\r\n\t\t\t\t\t\t\t\t\t\t<div class=\"premium-person-info-container\">\r\n\t\t\t\t\t\t\t\t\t<h3 class=\"premium-person-name\">Ana \u0160atovi\u0107<\/h3>\r\n\t\t\t\t\t\t\t\t\t\t\t<h4 class=\"premium-person-title\">\r\n\t\t\t\t\t\t\t<span>Stru\u010dna suradnica<\/span>\r\n\t\t\t\t\t\t<\/h4>\r\n\t\t\t\t\t\t\t\t\t\t\t<div class=\"premium-person-content\">\r\n\t\t\t\t\t\t\t<p>POSLOVNI IZAZOV<\/p>\t\t\t\t\t\t<\/div>\r\n\t\t\t\t\t\t\t\t<\/div>\r\n\t\t\t\t\t\t\t\t\t<\/div>\r\n\t\t\t\t\t<\/div>\r\n\t\t\t\t\t\t\t\t\t\t<div class=\"premium-person-container premium-person-zoomin-effect\">\r\n\t\t\t\t\t\t<div class=\"premium-person-image-container\">\r\n\t\t\t\t\t\t<img loading=\"lazy\" decoding=\"async\" width=\"683\" height=\"1024\" src=\"http:\/\/udruga-poduzetni.hr\/wp-content\/uploads\/2023\/12\/kATARINA-mALES-683x1024.jpeg\" class=\"attachment-large size-large wp-image-3483\" alt=\"\" srcset=\"http:\/\/udruga-poduzetni.hr\/wp-content\/uploads\/2023\/12\/kATARINA-mALES-683x1024.jpeg 683w, http:\/\/udruga-poduzetni.hr\/wp-content\/uploads\/2023\/12\/kATARINA-mALES-200x300.jpeg 200w, http:\/\/udruga-poduzetni.hr\/wp-content\/uploads\/2023\/12\/kATARINA-mALES-768x1151.jpeg 768w, http:\/\/udruga-poduzetni.hr\/wp-content\/uploads\/2023\/12\/kATARINA-mALES-1025x1536.jpeg 1025w, http:\/\/udruga-poduzetni.hr\/wp-content\/uploads\/2023\/12\/kATARINA-mALES-8x12.jpeg 8w, http:\/\/udruga-poduzetni.hr\/wp-content\/uploads\/2023\/12\/kATARINA-mALES-600x900.jpeg 600w, http:\/\/udruga-poduzetni.hr\/wp-content\/uploads\/2023\/12\/kATARINA-mALES.jpeg 1366w\" sizes=\"(max-width: 683px) 100vw, 683px\" \/>\t\t\t\t\t\t\t\t\t\t\t\t\t\t\t<div class=\"premium-person-social\">\r\n\t\t\t\t\t\t\t\t\t<ul class=\"premium-person-social-list\">\t\t\t\t<li class=\"elementor-icon premium-person-list-item premium-person-linkedin\">\r\n\t\t\t\t\t<a href=\"#\" target=\"_blank\">\r\n\t\t\t\t\t\t<i class=\"fab fa-linkedin\" aria-hidden=\"true\"><\/i>\r\n\t\t\t\t\t<\/a>\r\n\t\t\t\t<\/li>\r\n\t\t\t\t\t\t\t\t<li class=\"elementor-icon premium-person-list-item premium-person-mail\">\r\n\t\t\t\t\t<a href=\"#\" target=\"_blank\">\r\n\t\t\t\t\t\t<i class=\"fa fa-envelope\" aria-hidden=\"true\"><\/i>\r\n\t\t\t\t\t<\/a>\r\n\t\t\t\t<\/li>\r\n\t\t\t\t<\/ul>\t\t\t\t\t\t\t\t<\/div>\r\n\t\t\t\t\t\t\t\t\t\t\t\t\t<\/div>\r\n\t\t\t\t\t\t<div class=\"premium-person-info\">\r\n\t\t\t\t\t\t\t\t\t\t<div class=\"premium-person-info-container\">\r\n\t\t\t\t\t\t\t\t\t<h3 class=\"premium-person-name\">Katarina Male\u0161<\/h3>\r\n\t\t\t\t\t\t\t\t\t\t\t<h4 class=\"premium-person-title\">\r\n\t\t\t\t\t\t\t<span>Stru\u010dna suradnica<\/span>\r\n\t\t\t\t\t\t<\/h4>\r\n\t\t\t\t\t\t\t\t\t\t\t<div class=\"premium-person-content\">\r\n\t\t\t\t\t\t\t<p>Voditeljica humanitarnih akcija: Poduzetni za Bo\u017ei\u0107 i Poduzetni za Uskrs<\/p>\t\t\t\t\t\t<\/div>\r\n\t\t\t\t\t\t\t\t<\/div>\r\n\t\t\t\t\t\t\t\t\t<\/div>\r\n\t\t\t\t\t<\/div>\r\n\t\t\t\t\t\t\t<\/div>\r\n\t\t\t\t\t\t<\/div>\n\t\t\t\t<\/div>\n\t\t\t\t\t<\/div>\n\t\t<\/div>\n\t\t\t\t\t<\/div>\n\t\t<\/section>\n\t\t\t\t<\/div>","protected":false},"excerpt":{"rendered":"<p>STRU\u010cNI SURADNICI Udruge Poduzetni Upoznajte na\u0161 tim! Doris Juki\u0107 Predsjednica udruge Voditeljica projekata,\u00a0 Vitomir Tafra Znanstveni savjetnik Tajnik, znanstveni savjetnik za cjelo\u017eivotno obrazovanje Kristijan Maren\u0161\u010dak Stru\u010dni suradnik Voditelj dr\u017eavnog natjecanja iz poduzetni\u0161tva &#8220;POSLOVNI IZAZOV&#8221; Mladen Nikola\u0161evi\u0107 Stru\u010dni suradnik Ana \u0160atovi\u0107 Stru\u010dna suradnica POSLOVNI IZAZOV Katarina Male\u0161 Stru\u010dna suradnica Voditeljica humanitarnih akcija: Poduzetni za Bo\u017ei\u0107 i [&hellip;]<\/p>","protected":false},"author":5,"featured_media":0,"parent":0,"menu_order":0,"comment_status":"closed","ping_status":"closed","template":"","meta":{"site-sidebar-layout":"no-sidebar","site-content-layout":"page-builder","ast-site-content-layout":"default","site-content-style":"default","site-sidebar-style":"default","ast-global-header-display":"","ast-banner-title-visibility":"","ast-main-header-display":"","ast-hfb-above-header-display":"","ast-hfb-below-header-display":"","ast-hfb-mobile-header-display":"","site-post-title":"disabled","ast-breadcrumbs-content":"","ast-featured-img":"disabled","footer-sml-layout":"","theme-transparent-header-meta":"default","adv-header-id-meta":"","stick-header-meta":"","header-above-stick-meta":"","header-main-stick-meta":"","header-below-stick-meta":"","astra-migrate-meta-layouts":"default","ast-page-background-enabled":"default","ast-page-background-meta":{"desktop":{"background-color":"","background-image":"","background-repeat":"repeat","background-position":"center center","background-size":"auto","background-attachment":"scroll","background-type":"","background-media":"","overlay-type":"","overlay-color":"","overlay-opacity":"","overlay-gradient":""},"tablet":{"background-color":"","background-image":"","background-repeat":"repeat","background-position":"center center","background-size":"auto","background-attachment":"scroll","background-type":"","background-media":"","overlay-type":"","overlay-color":"","overlay-opacity":"","overlay-gradient":""},"mobile":{"background-color":"","background-image":"","background-repeat":"repeat","background-position":"center center","background-size":"auto","background-attachment":"scroll","background-type":"","background-media":"","overlay-type":"","overlay-color":"","overlay-opacity":"","overlay-gradient":""}},"ast-content-background-meta":{"desktop":{"background-color":"var(--ast-global-color-5)","background-image":"","background-repeat":"repeat","background-position":"center center","background-size":"auto","background-attachment":"scroll","background-type":"","background-media":"","overlay-type":"","overlay-color":"","overlay-opacity":"","overlay-gradient":""},"tablet":{"background-color":"var(--ast-global-color-5)","background-image":"","background-repeat":"repeat","background-position":"center center","background-size":"auto","background-attachment":"scroll","background-type":"","background-media":"","overlay-type":"","overlay-color":"","overlay-opacity":"","overlay-gradient":""},"mobile":{"background-color":"var(--ast-global-color-5)","background-image":"","background-repeat":"repeat","background-position":"center center","background-size":"auto","background-attachment":"scroll","background-type":"","background-media":"","overlay-type":"","overlay-color":"","overlay-opacity":"","overlay-gradient":""}},"footnotes":""},"class_list":["post-130","page","type-page","status-publish","hentry"],"_links":{"self":[{"href":"http:\/\/udruga-poduzetni.hr\/en\/wp-json\/wp\/v2\/pages\/130","targetHints":{"allow":["GET"]}}],"collection":[{"href":"http:\/\/udruga-poduzetni.hr\/en\/wp-json\/wp\/v2\/pages"}],"about":[{"href":"http:\/\/udruga-poduzetni.hr\/en\/wp-json\/wp\/v2\/types\/page"}],"author":[{"embeddable":true,"href":"http:\/\/udruga-poduzetni.hr\/en\/wp-json\/wp\/v2\/users\/5"}],"replies":[{"embeddable":true,"href":"http:\/\/udruga-poduzetni.hr\/en\/wp-json\/wp\/v2\/comments?post=130"}],"version-history":[{"count":15,"href":"http:\/\/udruga-poduzetni.hr\/en\/wp-json\/wp\/v2\/pages\/130\/revisions"}],"predecessor-version":[{"id":3489,"href":"http:\/\/udruga-poduzetni.hr\/en\/wp-json\/wp\/v2\/pages\/130\/revisions\/3489"}],"wp:attachment":[{"href":"http:\/\/udruga-poduzetni.hr\/en\/wp-json\/wp\/v2\/media?parent=130"}],"curies":[{"name":"wp","href":"https:\/\/api.w.org\/{rel}","templated":true}]}}